{"id":8414,"date":"2026-02-06T10:08:48","date_gmt":"2026-02-06T15:08:48","guid":{"rendered":"https:\/\/veterinaire640.ca\/?page_id=8414"},"modified":"2026-02-09T10:54:44","modified_gmt":"2026-02-09T15:54:44","slug":"boutique-en-ligne-pour-animaux","status":"publish","type":"page","link":"https:\/\/veterinaire640.ca\/en\/boutique-en-ligne-pour-animaux\/","title":{"rendered":"Boutique en ligne pour animaux"},"content":{"rendered":"<div data-elementor-type=\"wp-page\" data-elementor-id=\"8414\" class=\"elementor elementor-8414\" data-elementor-post-type=\"page\">\n\t\t\t\t<div data-particle_enable=\"false\" data-particle-mobile-disabled=\"false\" class=\"elementor-element elementor-element-39441523 e-con-full e-flex e-con e-parent\" data-id=\"39441523\" data-element_type=\"container\" data-e-type=\"container\" data-settings=\"{&quot;background_background&quot;:&quot;classic&quot;}\">\n\t\t<div data-particle_enable=\"false\" data-particle-mobile-disabled=\"false\" class=\"elementor-element elementor-element-4c13c012 e-con-full e-flex e-con e-child\" data-id=\"4c13c012\" data-element_type=\"container\" data-e-type=\"container\">\n\t\t<div data-particle_enable=\"false\" data-particle-mobile-disabled=\"false\" class=\"elementor-element elementor-element-66e85276 e-con-full e-flex e-con e-child\" data-id=\"66e85276\" data-element_type=\"container\" data-e-type=\"container\">\n\t\t\t\t<div class=\"elementor-element elementor-element-2d8b662 elementor-widget elementor-widget-heading\" data-id=\"2d8b662\" data-element_type=\"widget\" data-e-type=\"widget\" data-widget_type=\"heading.default\">\n\t\t\t\t<div class=\"elementor-widget-container\">\n\t\t\t\t\t<h1 class=\"elementor-heading-title elementor-size-default\">Boutique en ligne pour animaux: simple, rapide et accessible<\/h1>\t\t\t\t<\/div>\n\t\t\t\t<\/div>\n\t\t\t\t<div class=\"elementor-element elementor-element-97598eb elementor-widget elementor-widget-text-editor\" data-id=\"97598eb\" data-element_type=\"widget\" data-e-type=\"widget\" data-widget_type=\"text-editor.default\">\n\t\t\t\t<div class=\"elementor-widget-container\">\n\t\t\t\t\t\t\t\t\t<p><span style=\"font-weight: 400;\">Magasiner pour votre animal de compagnie devrait \u00eatre facile, agr\u00e9able et sans contrainte. Notre boutique en ligne vous permet de commander en tout temps les produits essentiels pour le bien-\u00eatre de votre compagnon, que vous ayez un chien, un chat, un oiseau, un lapin ou m\u00eame un furet.<\/span><\/p><p><span style=\"font-weight: 400;\">Con\u00e7ue pour r\u00e9pondre \u00e0 vos besoins du quotidien, elle vous offre une exp\u00e9rience intuitive, que vous soyez un habitu\u00e9 du magasinage en ligne ou non.<\/span><\/p>\t\t\t\t\t\t\t\t<\/div>\n\t\t\t\t<\/div>\n\t\t\t\t<div class=\"elementor-element elementor-element-73d7f1ea elementor-align-left elementor-mobile-align-left elementor-invisible elementor-widget elementor-widget-button\" data-id=\"73d7f1ea\" data-element_type=\"widget\" data-e-type=\"widget\" data-settings=\"{&quot;_animation&quot;:&quot;fadeIn&quot;,&quot;_animation_delay&quot;:400}\" data-widget_type=\"button.default\">\n\t\t\t\t<div class=\"elementor-widget-container\">\n\t\t\t\t\t\t\t\t\t<div class=\"elementor-button-wrapper\">\n\t\t\t\t\t<a class=\"elementor-button elementor-button-link elementor-size-sm\" href=\"https:\/\/www.mavitrineveterinaire.ca\/cv640\">\n\t\t\t\t\t\t<span class=\"elementor-button-content-wrapper\">\n\t\t\t\t\t\t<span class=\"elementor-button-icon\">\n\t\t\t\t<svg aria-hidden=\"true\" class=\"e-font-icon-svg e-fas-arrow-right\" viewbox=\"0 0 448 512\" xmlns=\"http:\/\/www.w3.org\/2000\/svg\"><path d=\"M190.5 66.9l22.2-22.2c9.4-9.4 24.6-9.4 33.9 0L441 239c9.4 9.4 9.4 24.6 0 33.9L246.6 467.3c-9.4 9.4-24.6 9.4-33.9 0l-22.2-22.2c-9.5-9.5-9.3-25 .4-34.3L311.4 296H24c-13.3 0-24-10.7-24-24v-32c0-13.3 10.7-24 24-24h287.4L190.9 101.2c-9.8-9.3-10-24.8-.4-34.3z\"><\/path><\/svg>\t\t\t<\/span>\n\t\t\t\t\t\t\t\t\t<span class=\"elementor-button-text\">Acc\u00e9der \u00e0 la boutique en ligne<\/span>\n\t\t\t\t\t<\/span>\n\t\t\t\t\t<\/a>\n\t\t\t\t<\/div>\n\t\t\t\t\t\t\t\t<\/div>\n\t\t\t\t<\/div>\n\t\t\t\t<\/div>\n\t\t\t\t<\/div>\n\t\t<div data-particle_enable=\"false\" data-particle-mobile-disabled=\"false\" class=\"elementor-element elementor-element-76871e79 e-con-full e-flex e-con e-child\" data-id=\"76871e79\" data-element_type=\"container\" data-e-type=\"container\">\n\t\t\t\t<div class=\"elementor-element elementor-element-c8c6df3 elementor-widget elementor-widget-image\" data-id=\"c8c6df3\" data-element_type=\"widget\" data-e-type=\"widget\" data-widget_type=\"image.default\">\n\t\t\t\t<div class=\"elementor-widget-container\">\n\t\t\t\t\t\t\t\t\t\t\t\t\t\t\t<img fetchpriority=\"high\" decoding=\"async\" width=\"1200\" height=\"800\" src=\"https:\/\/veterinaire640.ca\/wp-content\/uploads\/2024\/04\/Aliments-toxiques_veterinaire-640.png\" class=\"attachment-full size-full wp-image-1411\" alt=\"chien, liche babines\" srcset=\"https:\/\/veterinaire640.ca\/wp-content\/uploads\/2024\/04\/Aliments-toxiques_veterinaire-640.png 1200w, https:\/\/veterinaire640.ca\/wp-content\/uploads\/2024\/04\/Aliments-toxiques_veterinaire-640-300x200.png 300w, https:\/\/veterinaire640.ca\/wp-content\/uploads\/2024\/04\/Aliments-toxiques_veterinaire-640-1024x683.png 1024w, https:\/\/veterinaire640.ca\/wp-content\/uploads\/2024\/04\/Aliments-toxiques_veterinaire-640-768x512.png 768w\" sizes=\"(max-width: 1200px) 100vw, 1200px\" \/>\t\t\t\t\t\t\t\t\t\t\t\t\t\t\t<\/div>\n\t\t\t\t<\/div>\n\t\t\t\t<\/div>\n\t\t\t\t<\/div>\n\t\t<div data-particle_enable=\"false\" data-particle-mobile-disabled=\"false\" class=\"elementor-element elementor-element-4e426e15 e-con-full e-flex e-con e-parent\" data-id=\"4e426e15\" data-element_type=\"container\" data-e-type=\"container\">\n\t\t\t\t<div class=\"elementor-element elementor-element-399736a9 elementor-widget elementor-widget-heading\" data-id=\"399736a9\" data-element_type=\"widget\" data-e-type=\"widget\" data-widget_type=\"heading.default\">\n\t\t\t\t<div class=\"elementor-widget-container\">\n\t\t\t\t\t<h2 class=\"elementor-heading-title elementor-size-default\">Une exp\u00e9rience pens\u00e9e pour vous<span style=\"letter-spacing: 0px;font-family: Poppins, sans-serif;font-size: 40px;font-style: normal;font-weight: 600;white-space: pre-wrap;text-align: center;float: none\"><\/span><\/h2>\t\t\t\t<\/div>\n\t\t\t\t<\/div>\n\t\t\t\t<div class=\"elementor-element elementor-element-73a3a9de elementor-widget elementor-widget-text-editor\" data-id=\"73a3a9de\" data-element_type=\"widget\" data-e-type=\"widget\" data-widget_type=\"text-editor.default\">\n\t\t\t\t<div class=\"elementor-widget-container\">\n\t\t\t\t\t\t\t\t\t<p>La boutique est accessible 24\/7, vous permettant de magasiner \u00e0 votre rythme, que ce soit t\u00f4t le matin, en soir\u00e9e ou entre deux rendez-vous. La navigation est simple, avec des cat\u00e9gories bien organis\u00e9es pour trouver rapidement ce dont vous avez besoin.<\/p><p><span style=\"letter-spacing: 0.3px;\">Chaque \u00e9tape du processus d\u2019achat a \u00e9t\u00e9 con\u00e7ue pour \u00eatre fluide et s\u00e9curis\u00e9e, de la s\u00e9lection des produits jusqu\u2019\u00e0 la commande finale. M\u00eame les utilisateurs peu familiers avec le magasinage en ligne s\u2019y retrouvent facilement.<\/span><\/p>\t\t\t\t\t\t\t\t<\/div>\n\t\t\t\t<\/div>\n\t\t\t\t<\/div>\n\t\t<div data-particle_enable=\"false\" data-particle-mobile-disabled=\"false\" class=\"elementor-element elementor-element-6fb8dac1 e-con-full e-flex e-con e-parent\" data-id=\"6fb8dac1\" data-element_type=\"container\" data-e-type=\"container\">\n\t\t<div data-particle_enable=\"false\" data-particle-mobile-disabled=\"false\" class=\"elementor-element elementor-element-144d9b2d e-con-full e-flex e-con e-child\" data-id=\"144d9b2d\" data-element_type=\"container\" data-e-type=\"container\">\n\t\t\t\t<div class=\"elementor-element elementor-element-56e6d60c elementor-widget elementor-widget-heading\" data-id=\"56e6d60c\" data-element_type=\"widget\" data-e-type=\"widget\" data-widget_type=\"heading.default\">\n\t\t\t\t<div class=\"elementor-widget-container\">\n\t\t\t\t\t<h2 class=\"elementor-heading-title elementor-size-default\">D\u00e9couvrez une s\u00e9lection compl\u00e8te et approuv\u00e9e<\/h2>\t\t\t\t<\/div>\n\t\t\t\t<\/div>\n\t\t\t\t<div class=\"elementor-element elementor-element-1c7abda8 elementor-widget elementor-widget-text-editor\" data-id=\"1c7abda8\" data-element_type=\"widget\" data-e-type=\"widget\" data-widget_type=\"text-editor.default\">\n\t\t\t\t<div class=\"elementor-widget-container\">\n\t\t\t\t\t\t\t\t\t<p><span style=\"font-weight: 400;\">Notre catalogue couvre plusieurs esp\u00e8ces et propose des articles soigneusement s\u00e9lectionn\u00e9s et valid\u00e9s par notre \u00e9quipe v\u00e9t\u00e9rinaire :<\/span><\/p>\n<ul>\n<li style=\"font-weight: 400;\" aria-level=\"1\"><b>Nourriture s\u00e8che et humide<\/b><span style=\"font-weight: 400;\"> : croquettes, p\u00e2t\u00e9es, aliments sp\u00e9cialis\u00e9s selon l\u2019\u00e2ge, l\u2019\u00e9tat de sant\u00e9 ou les pr\u00e9f\u00e9rences de votre animal.<\/span><\/li>\n<li style=\"font-weight: 400;\" aria-level=\"1\"><b>G\u00e2teries sant\u00e9<\/b><span style=\"font-weight: 400;\"> : id\u00e9ales pour le dressage ou pour offrir un moment de plaisir, avec des options adapt\u00e9es \u00e0 chaque esp\u00e8ce.<\/span><\/li>\n<li style=\"font-weight: 400;\" aria-level=\"1\"><b>Jouets interactifs et \u00e9ducatifs<\/b> : pour stimuler l\u2019activit\u00e9 physique et mentale, pr\u00e9venir l\u2019ennui et encourager le jeu.<\/li>\n<li style=\"font-weight: 400;\" aria-level=\"1\"><b>Accessoires pratiques<\/b> : bols, liti\u00e8res, cages, perchoirs, laisses et autres essentiels du quotidien.<\/li><li style=\"font-weight: 400;\" aria-level=\"1\"><b style=\"letter-spacing: 0.3px;\">Produits de soin<\/b><span style=\"letter-spacing: 0.3px;\"> : shampoings, lotions, compl\u00e9ments alimentaires : tout pour le confort et la sant\u00e9 de votre compagnon.<\/span><\/li><\/ul>\t\t\t\t\t\t\t\t<\/div>\n\t\t\t\t<\/div>\n\t\t\t\t<div class=\"elementor-element elementor-element-f466004 elementor-align-left elementor-mobile-align-left elementor-invisible elementor-widget elementor-widget-button\" data-id=\"f466004\" data-element_type=\"widget\" data-e-type=\"widget\" data-settings=\"{&quot;_animation&quot;:&quot;fadeIn&quot;,&quot;_animation_delay&quot;:400}\" data-widget_type=\"button.default\">\n\t\t\t\t<div class=\"elementor-widget-container\">\n\t\t\t\t\t\t\t\t\t<div class=\"elementor-button-wrapper\">\n\t\t\t\t\t<a class=\"elementor-button elementor-button-link elementor-size-sm\" href=\"https:\/\/www.mavitrineveterinaire.ca\/cv640\">\n\t\t\t\t\t\t<span class=\"elementor-button-content-wrapper\">\n\t\t\t\t\t\t<span class=\"elementor-button-icon\">\n\t\t\t\t<svg aria-hidden=\"true\" class=\"e-font-icon-svg e-fas-arrow-right\" viewbox=\"0 0 448 512\" xmlns=\"http:\/\/www.w3.org\/2000\/svg\"><path d=\"M190.5 66.9l22.2-22.2c9.4-9.4 24.6-9.4 33.9 0L441 239c9.4 9.4 9.4 24.6 0 33.9L246.6 467.3c-9.4 9.4-24.6 9.4-33.9 0l-22.2-22.2c-9.5-9.5-9.3-25 .4-34.3L311.4 296H24c-13.3 0-24-10.7-24-24v-32c0-13.3 10.7-24 24-24h287.4L190.9 101.2c-9.8-9.3-10-24.8-.4-34.3z\"><\/path><\/svg>\t\t\t<\/span>\n\t\t\t\t\t\t\t\t\t<span class=\"elementor-button-text\">Acc\u00e9der \u00e0 la boutique en ligne<\/span>\n\t\t\t\t\t<\/span>\n\t\t\t\t\t<\/a>\n\t\t\t\t<\/div>\n\t\t\t\t\t\t\t\t<\/div>\n\t\t\t\t<\/div>\n\t\t\t\t<\/div>\n\t\t<div data-particle_enable=\"false\" data-particle-mobile-disabled=\"false\" class=\"elementor-element elementor-element-4be47ef0 e-con-full e-flex e-con e-child\" data-id=\"4be47ef0\" data-element_type=\"container\" data-e-type=\"container\" data-settings=\"{&quot;background_background&quot;:&quot;classic&quot;}\">\n\t\t\t\t<div class=\"elementor-element elementor-element-2277abb8 elementor-widget elementor-widget-spacer\" data-id=\"2277abb8\" data-element_type=\"widget\" data-e-type=\"widget\" data-widget_type=\"spacer.default\">\n\t\t\t\t<div class=\"elementor-widget-container\">\n\t\t\t\t\t\t\t<div class=\"elementor-spacer\">\n\t\t\t<div class=\"elementor-spacer-inner\"><\/div>\n\t\t<\/div>\n\t\t\t\t\t\t<\/div>\n\t\t\t\t<\/div>\n\t\t\t\t<\/div>\n\t\t\t\t<\/div>\n\t\t<div data-particle_enable=\"false\" data-particle-mobile-disabled=\"false\" class=\"elementor-element elementor-element-423cf7b8 e-con-full e-flex e-con e-parent\" data-id=\"423cf7b8\" data-element_type=\"container\" data-e-type=\"container\" data-settings=\"{&quot;background_background&quot;:&quot;classic&quot;}\">\n\t\t<div data-particle_enable=\"false\" data-particle-mobile-disabled=\"false\" class=\"elementor-element elementor-element-3fd80fd6 e-con-full e-flex e-con e-child\" data-id=\"3fd80fd6\" data-element_type=\"container\" data-e-type=\"container\">\n\t\t\t\t<div class=\"elementor-element elementor-element-ba3eab4 elementor-widget elementor-widget-image\" data-id=\"ba3eab4\" data-element_type=\"widget\" data-e-type=\"widget\" data-widget_type=\"image.default\">\n\t\t\t\t<div class=\"elementor-widget-container\">\n\t\t\t\t\t\t\t\t\t\t\t\t\t\t\t<img decoding=\"async\" width=\"800\" height=\"668\" src=\"https:\/\/veterinaire640.ca\/wp-content\/uploads\/2024\/06\/Vomissement-chez-le-chat-850-x-1000-px-e1732128861141.png\" class=\"attachment-large size-large wp-image-2226\" alt=\"Chat roux avec cone du v\u00e9t\u00e9rinaire autour du cou sur fond transparent\" srcset=\"https:\/\/veterinaire640.ca\/wp-content\/uploads\/2024\/06\/Vomissement-chez-le-chat-850-x-1000-px-e1732128861141.png 850w, https:\/\/veterinaire640.ca\/wp-content\/uploads\/2024\/06\/Vomissement-chez-le-chat-850-x-1000-px-e1732128861141-300x251.png 300w, https:\/\/veterinaire640.ca\/wp-content\/uploads\/2024\/06\/Vomissement-chez-le-chat-850-x-1000-px-e1732128861141-768x642.png 768w, https:\/\/veterinaire640.ca\/wp-content\/uploads\/2024\/06\/Vomissement-chez-le-chat-850-x-1000-px-e1732128861141-14x12.png 14w\" sizes=\"(max-width: 800px) 100vw, 800px\" \/>\t\t\t\t\t\t\t\t\t\t\t\t\t\t\t<\/div>\n\t\t\t\t<\/div>\n\t\t\t\t<\/div>\n\t\t<div data-particle_enable=\"false\" data-particle-mobile-disabled=\"false\" class=\"elementor-element elementor-element-5fa7a3b3 e-con-full e-flex e-con e-child\" data-id=\"5fa7a3b3\" data-element_type=\"container\" data-e-type=\"container\" data-settings=\"{&quot;background_background&quot;:&quot;classic&quot;}\">\n\t\t\t\t<div class=\"elementor-element elementor-element-66e30601 elementor-widget elementor-widget-heading\" data-id=\"66e30601\" data-element_type=\"widget\" data-e-type=\"widget\" data-widget_type=\"heading.default\">\n\t\t\t\t<div class=\"elementor-widget-container\">\n\t\t\t\t\t<h2 class=\"elementor-heading-title elementor-size-default\">Un service flexible et adapt\u00e9 \u00e0 votre routine<\/h2>\t\t\t\t<\/div>\n\t\t\t\t<\/div>\n\t\t\t\t<div class=\"elementor-element elementor-element-6cfa0adc elementor-widget elementor-widget-text-editor\" data-id=\"6cfa0adc\" data-element_type=\"widget\" data-e-type=\"widget\" data-widget_type=\"text-editor.default\">\n\t\t\t\t<div class=\"elementor-widget-container\">\n\t\t\t\t\t\t\t\t\t<p><span style=\"font-weight: 400;\">Notre boutique est con\u00e7ue pour vous offrir un acc\u00e8s simple et pratique \u00e0 l\u2019ensemble des produits n\u00e9cessaires au bien-\u00eatre de votre animal.<\/span><span style=\"font-weight: 400;\"><br \/><\/span><span style=\"font-weight: 400;\"> Vous pouvez choisir parmi plusieurs modes de r\u00e9ception, selon ce qui convient le mieux \u00e0 votre quotidien :<\/span><\/p><p><style>\n    .client-table {<br \/>\n        width: 100%;<br \/>\n        border-collapse: separate;<br \/>\n        border-spacing: 0 10px;<br \/>\n        font-family: sans-serif;<br \/>\n    }<\/p>\n<p>    .client-table th {<br \/>\n        background-color: #697E72; \/* The green button color *\/<br \/>\n        color: white;<br \/>\n        padding: 15px;<br \/>\n        text-align: left;<br \/>\n        text-transform: uppercase;<br \/>\n        letter-spacing: 1px;<br \/>\n        font-size: 0.9rem;<br \/>\n    }<\/p>\n<p>    .client-table th:first-child { border-radius: 10px 0 0 10px; }<br \/>\n    .client-table th:last-child { border-radius: 0 10px 10px 0; }<\/p>\n<p>    .client-table td {<br \/>\n        background-color: #F2F2EC; \/* The beige card color *\/<br \/>\n        padding: 20px 15px;<br \/>\n        color: #333;<br \/>\n        border: none;<br \/>\n    }<\/p>\n<p>    .client-table tr td:first-child {<br \/>\n        font-weight: bold;<br \/>\n        border-radius: 10px 0 0 10px;<br \/>\n        width: 30%;<br \/>\n    }<\/p>\n<p>    .client-table tr td:last-child {<br \/>\n        border-radius: 0 10px 10px 0;<br \/>\n    }<br \/>\n<\/style><\/p><table class=\"client-table\"><thead><tr><th>Mode<\/th><th>Avantage principal<\/th><\/tr><\/thead><tbody><tr><td>Livraison \u00e0 domicile<\/td><td>Id\u00e9ale pour les commandes r\u00e9guli\u00e8res ou volumineuses<\/td><\/tr><tr><td>Ramassage en clinique<\/td><td>Rapide et pratique pour les clients vivant \u00e0 proximit\u00e9<\/td><\/tr><tr><td>Renouvellement automatique<\/td><td>\u00c9vite les oublis gr\u00e2ce \u00e0 un envoi r\u00e9current, modifiable en tout temps<\/td><\/tr><\/tbody><\/table><p><span style=\"font-weight: 400;\">Pour encore plus de simplicit\u00e9, vous avez la possibilit\u00e9 de programmer des envois r\u00e9guliers pour vos produits essentiels comme la nourriture. Cette fonctionnalit\u00e9 vous permet de gagner du temps, d\u2019\u00e9viter les oublis et d\u2019adapter la fr\u00e9quence selon vos besoins. Le service est totalement flexible : vous pouvez le modifier, le suspendre ou l\u2019annuler \u00e0 tout moment.<\/span><\/p>\t\t\t\t\t\t\t\t<\/div>\n\t\t\t\t<\/div>\n\t\t\t\t<\/div>\n\t\t\t\t<\/div>\n\t\t<div data-particle_enable=\"false\" data-particle-mobile-disabled=\"false\" class=\"elementor-element elementor-element-3ded3edb e-con-full e-flex e-con e-parent\" data-id=\"3ded3edb\" data-element_type=\"container\" data-e-type=\"container\">\n\t\t<div data-particle_enable=\"false\" data-particle-mobile-disabled=\"false\" class=\"elementor-element elementor-element-67cd6e03 e-con-full e-flex e-con e-child\" data-id=\"67cd6e03\" data-element_type=\"container\" data-e-type=\"container\">\n\t\t\t\t<div class=\"elementor-element elementor-element-3875ad3b elementor-widget elementor-widget-heading\" data-id=\"3875ad3b\" data-element_type=\"widget\" data-e-type=\"widget\" data-widget_type=\"heading.default\">\n\t\t\t\t<div class=\"elementor-widget-container\">\n\t\t\t\t\t<h2 class=\"elementor-heading-title elementor-size-default\">Une boutique pens\u00e9e pour simplifier votre quotidien\n<\/h2>\t\t\t\t<\/div>\n\t\t\t\t<\/div>\n\t\t\t\t<div class=\"elementor-element elementor-element-53ad076 elementor-widget elementor-widget-text-editor\" data-id=\"53ad076\" data-element_type=\"widget\" data-e-type=\"widget\" data-widget_type=\"text-editor.default\">\n\t\t\t\t<div class=\"elementor-widget-container\">\n\t\t\t\t\t\t\t\t\t<p><span style=\"font-weight: 400;\">Chaque fonctionnalit\u00e9 a \u00e9t\u00e9 d\u00e9velopp\u00e9e pour vous faire gagner du temps tout en assurant le confort et la sant\u00e9 de votre animal. De la s\u00e9lection des produits \u00e0 la r\u00e9ception, tout est pens\u00e9 pour s\u2019adapter \u00e0 votre mode de vie.<\/span><\/p><p><span style=\"font-weight: 400;\">Nous vous invitons \u00e0 parcourir notre boutique en ligne, profiter d\u2019une s\u00e9lection compl\u00e8te et magasiner en toute confiance : chez vous, en quelques clics.<\/span><\/p>\t\t\t\t\t\t\t\t<\/div>\n\t\t\t\t<\/div>\n\t\t\t\t<div class=\"elementor-element elementor-element-3c9f302 elementor-widget elementor-widget-heading\" data-id=\"3c9f302\" data-element_type=\"widget\" data-e-type=\"widget\" data-widget_type=\"heading.default\">\n\t\t\t\t<div class=\"elementor-widget-container\">\n\t\t\t\t\t<h3 class=\"elementor-heading-title elementor-size-default\">Une question ? Contactez-nous!<\/h3>\t\t\t\t<\/div>\n\t\t\t\t<\/div>\n\t\t\t\t<div class=\"elementor-element elementor-element-17cd7343 elementor-align-start elementor-icon-list--layout-traditional elementor-list-item-link-full_width elementor-widget elementor-widget-icon-list\" data-id=\"17cd7343\" data-element_type=\"widget\" data-e-type=\"widget\" data-widget_type=\"icon-list.default\">\n\t\t\t\t<div class=\"elementor-widget-container\">\n\t\t\t\t\t\t\t<ul class=\"elementor-icon-list-items\">\n\t\t\t\t\t\t\t<li class=\"elementor-icon-list-item\">\n\t\t\t\t\t\t\t\t\t\t\t<span class=\"elementor-icon-list-icon\">\n\t\t\t\t\t\t\t<svg aria-hidden=\"true\" class=\"e-font-icon-svg e-fas-phone-alt\" viewbox=\"0 0 512 512\" xmlns=\"http:\/\/www.w3.org\/2000\/svg\"><path d=\"M497.39 361.8l-112-48a24 24 0 0 0-28 6.9l-49.6 60.6A370.66 370.66 0 0 1 130.6 204.11l60.6-49.6a23.94 23.94 0 0 0 6.9-28l-48-112A24.16 24.16 0 0 0 122.6.61l-104 24A24 24 0 0 0 0 48c0 256.5 207.9 464 464 464a24 24 0 0 0 23.4-18.6l24-104a24.29 24.29 0 0 0-14.01-27.6z\"><\/path><\/svg>\t\t\t\t\t\t<\/span>\n\t\t\t\t\t\t\t\t\t\t<span class=\"elementor-icon-list-text\">(450) 949-0640<\/span>\n\t\t\t\t\t\t\t\t\t<\/li>\n\t\t\t\t\t\t\t\t<li class=\"elementor-icon-list-item\">\n\t\t\t\t\t\t\t\t\t\t\t<a href=\"mailto:info@veterinaire640.ca\">\n\n\t\t\t\t\t\t\t\t\t\t\t\t<span class=\"elementor-icon-list-icon\">\n\t\t\t\t\t\t\t<svg aria-hidden=\"true\" class=\"e-font-icon-svg e-far-envelope\" viewbox=\"0 0 512 512\" xmlns=\"http:\/\/www.w3.org\/2000\/svg\"><path d=\"M464 64H48C21.49 64 0 85.49 0 112v288c0 26.51 21.49 48 48 48h416c26.51 0 48-21.49 48-48V112c0-26.51-21.49-48-48-48zm0 48v40.805c-22.422 18.259-58.168 46.651-134.587 106.49-16.841 13.247-50.201 45.072-73.413 44.701-23.208.375-56.579-31.459-73.413-44.701C106.18 199.465 70.425 171.067 48 152.805V112h416zM48 400V214.398c22.914 18.251 55.409 43.862 104.938 82.646 21.857 17.205 60.134 55.186 103.062 54.955 42.717.231 80.509-37.199 103.053-54.947 49.528-38.783 82.032-64.401 104.947-82.653V400H48z\"><\/path><\/svg>\t\t\t\t\t\t<\/span>\n\t\t\t\t\t\t\t\t\t\t<span class=\"elementor-icon-list-text\">info@veterinaire640.ca<\/span>\n\t\t\t\t\t\t\t\t\t\t\t<\/a>\n\t\t\t\t\t\t\t\t\t<\/li>\n\t\t\t\t\t\t\t\t<li class=\"elementor-icon-list-item\">\n\t\t\t\t\t\t\t\t\t\t\t<a href=\"https:\/\/www.google.com\/maps\/place\/Vtrinaire+640\/@45.5771835,-73.965908,11z\/data=!4m6!3m5!1s0x4cc92f3f52e60485:0x1af057fe651622f4!8m2!3d45.5709172!4d-73.9075542!16sg11vx0xw4kc?hl=en&amp;entry=ttu\" target=\"_blank\">\n\n\t\t\t\t\t\t\t\t\t\t\t\t<span class=\"elementor-icon-list-icon\">\n\t\t\t\t\t\t\t<svg aria-hidden=\"true\" class=\"e-font-icon-svg e-fas-map-marker-alt\" viewbox=\"0 0 384 512\" xmlns=\"http:\/\/www.w3.org\/2000\/svg\"><path d=\"M172.268 501.67C26.97 291.031 0 269.413 0 192 0 85.961 85.961 0 192 0s192 85.961 192 192c0 77.413-26.97 99.031-172.268 309.67-9.535 13.774-29.93 13.773-39.464 0zM192 272c44.183 0 80-35.817 80-80s-35.817-80-80-80-80 35.817-80 80 35.817 80 80 80z\"><\/path><\/svg>\t\t\t\t\t\t<\/span>\n\t\t\t\t\t\t\t\t\t\t<span class=\"elementor-icon-list-text\">70 Dubois Street, Saint-Eustache<\/span>\n\t\t\t\t\t\t\t\t\t\t\t<\/a>\n\t\t\t\t\t\t\t\t\t<\/li>\n\t\t\t\t\t\t<\/ul>\n\t\t\t\t\t\t<\/div>\n\t\t\t\t<\/div>\n\t\t\t\t<\/div>\n\t\t<div data-particle_enable=\"false\" data-particle-mobile-disabled=\"false\" class=\"elementor-element elementor-element-321bbd83 e-con-full e-flex e-con e-child\" data-id=\"321bbd83\" data-element_type=\"container\" data-e-type=\"container\">\n\t\t\t\t<div class=\"elementor-element elementor-element-16adebd8 elementor-widget elementor-widget-html\" data-id=\"16adebd8\" data-element_type=\"widget\" data-e-type=\"widget\" data-widget_type=\"html.default\">\n\t\t\t\t<div class=\"elementor-widget-container\">\n\t\t\t\t\t<iframe src=\"https:\/\/www.google.com\/maps\/embed?pb=!1m14!1m8!1m3!1d178750.47746208636!2d-73.907554!3d45.570917!3m2!1i1024!2i768!4f13.1!3m3!1m2!1s0x4cc92f3f52e60485%3A0x1af057fe651622f4!2zVsOpdMOpcmluYWlyZSA2NDA!5e0!3m2!1sfr!2sca!4v1727198569200!5m2!1sfr!2sca\" width=\"600\" height=\"450\" style=\"border:0; border-radius:20px;\" allowfullscreen=\"\" loading=\"lazy\" referrerpolicy=\"no-referrer-when-downgrade\"><\/iframe>\t\t\t\t<\/div>\n\t\t\t\t<\/div>\n\t\t\t\t<\/div>\n\t\t\t\t<\/div>\n\t\t\t\t<\/div>","protected":false},"excerpt":{"rendered":"<p>Boutique en ligne pour animaux: simple, rapide et accessible Magasiner pour votre animal de compagnie devrait \u00eatre facile, agr\u00e9able et sans contrainte. Notre boutique en ligne vous permet de commander en tout temps les produits essentiels pour le bien-\u00eatre de votre compagnon, que vous ayez un chien, un chat, un oiseau, un lapin ou m\u00eame [&hellip;]<\/p>\n","protected":false},"author":4,"featured_media":0,"parent":0,"menu_order":0,"comment_status":"closed","ping_status":"closed","template":"","meta":{"_seopress_robots_primary_cat":"","_seopress_titles_title":"","_seopress_titles_desc":"","_seopress_robots_index":"","_monsterinsights_skip_tracking":false,"_monsterinsights_sitenote_active":false,"_monsterinsights_sitenote_note":"","_monsterinsights_sitenote_category":0,"footnotes":""},"class_list":["post-8414","page","type-page","status-publish","hentry"],"_links":{"self":[{"href":"https:\/\/veterinaire640.ca\/en\/wp-json\/wp\/v2\/pages\/8414","targetHints":{"allow":["GET"]}}],"collection":[{"href":"https:\/\/veterinaire640.ca\/en\/wp-json\/wp\/v2\/pages"}],"about":[{"href":"https:\/\/veterinaire640.ca\/en\/wp-json\/wp\/v2\/types\/page"}],"author":[{"embeddable":true,"href":"https:\/\/veterinaire640.ca\/en\/wp-json\/wp\/v2\/users\/4"}],"replies":[{"embeddable":true,"href":"https:\/\/veterinaire640.ca\/en\/wp-json\/wp\/v2\/comments?post=8414"}],"version-history":[{"count":22,"href":"https:\/\/veterinaire640.ca\/en\/wp-json\/wp\/v2\/pages\/8414\/revisions"}],"predecessor-version":[{"id":8454,"href":"https:\/\/veterinaire640.ca\/en\/wp-json\/wp\/v2\/pages\/8414\/revisions\/8454"}],"wp:attachment":[{"href":"https:\/\/veterinaire640.ca\/en\/wp-json\/wp\/v2\/media?parent=8414"}],"curies":[{"name":"wp","href":"https:\/\/api.w.org\/{rel}","templated":true}]}}