{"id":2416,"date":"2024-10-01T07:40:07","date_gmt":"2024-10-01T12:40:07","guid":{"rendered":"https:\/\/veterinaire640.ca\/?page_id=2416"},"modified":"2025-09-18T14:29:11","modified_gmt":"2025-09-18T19:29:11","slug":"avis-sur-notre-clinique-veterinaire","status":"publish","type":"page","link":"https:\/\/veterinaire640.ca\/en\/avis-sur-notre-clinique-veterinaire\/","title":{"rendered":"Avis sur notre clinique v\u00e9t\u00e9rinaire"},"content":{"rendered":"<div data-elementor-type=\"wp-page\" data-elementor-id=\"2416\" class=\"elementor elementor-2416\" data-elementor-post-type=\"page\">\n\t\t\t\t<div data-particle_enable=\"false\" data-particle-mobile-disabled=\"false\" class=\"elementor-element elementor-element-f3003c2 e-flex e-con-boxed e-con e-parent\" data-id=\"f3003c2\" data-element_type=\"container\" data-e-type=\"container\" data-settings=\"{&quot;background_background&quot;:&quot;classic&quot;}\">\n\t\t\t\t\t<div class=\"e-con-inner\">\n\t\t<div data-particle_enable=\"false\" data-particle-mobile-disabled=\"false\" class=\"elementor-element elementor-element-9731a15 e-con-full e-flex e-con e-child\" data-id=\"9731a15\" data-element_type=\"container\" data-e-type=\"container\">\n\t\t<div data-particle_enable=\"false\" data-particle-mobile-disabled=\"false\" class=\"elementor-element elementor-element-d7aa63f e-con-full e-flex e-con e-child\" data-id=\"d7aa63f\" data-element_type=\"container\" data-e-type=\"container\">\n\t\t\t\t<div class=\"elementor-element elementor-element-013f36c elementor-widget elementor-widget-text-editor\" data-id=\"013f36c\" data-element_type=\"widget\" data-e-type=\"widget\" data-widget_type=\"text-editor.default\">\n\t\t\t\t<div class=\"elementor-widget-container\">\n\t\t\t\t\t\t\t\t\t<p>D\u00e9couvrez les t\u00e9moignages de nos clients sur notre <span style=\"text-decoration: underline;\"><a href=\"https:\/\/maps.app.goo.gl\/hVrhf2MkkfrxPhtE8\">clinique v\u00e9t\u00e9rinaire<\/a><\/span>.<\/p>\t\t\t\t\t\t\t\t<\/div>\n\t\t\t\t<\/div>\n\t\t\t\t<div class=\"elementor-element elementor-element-63df93a elementor-align-left elementor-mobile-align-left e-transform elementor-invisible elementor-widget elementor-widget-button\" data-id=\"63df93a\" data-element_type=\"widget\" data-e-type=\"widget\" data-settings=\"{&quot;_animation&quot;:&quot;fadeIn&quot;,&quot;_animation_delay&quot;:400,&quot;_transform_translateY_effect_hover&quot;:{&quot;unit&quot;:&quot;px&quot;,&quot;size&quot;:-5,&quot;sizes&quot;:[]},&quot;_transform_translateX_effect_hover&quot;:{&quot;unit&quot;:&quot;px&quot;,&quot;size&quot;:&quot;&quot;,&quot;sizes&quot;:[]},&quot;_transform_translateX_effect_hover_tablet&quot;:{&quot;unit&quot;:&quot;px&quot;,&quot;size&quot;:&quot;&quot;,&quot;sizes&quot;:[]},&quot;_transform_translateX_effect_hover_mobile&quot;:{&quot;unit&quot;:&quot;px&quot;,&quot;size&quot;:&quot;&quot;,&quot;sizes&quot;:[]},&quot;_transform_translateY_effect_hover_tablet&quot;:{&quot;unit&quot;:&quot;px&quot;,&quot;size&quot;:&quot;&quot;,&quot;sizes&quot;:[]},&quot;_transform_translateY_effect_hover_mobile&quot;:{&quot;unit&quot;:&quot;px&quot;,&quot;size&quot;:&quot;&quot;,&quot;sizes&quot;:[]}}\" data-widget_type=\"button.default\">\n\t\t\t\t<div class=\"elementor-widget-container\">\n\t\t\t\t\t\t\t\t\t<div class=\"elementor-button-wrapper\">\n\t\t\t\t\t<a class=\"elementor-button elementor-button-link elementor-size-sm\" href=\"https:\/\/www.google.com\/search?sca_esv=5a0e77f2f4503fe9&#038;authuser=1&#038;si=AMgyJEtREmoPL4P1I5IDCfuA8gybfVI2d5Uj7QMwYCZHKDZ-EwXSaHVJMTxF0rcCKsUGCfa1KFV387OZkczcNTk52Sg73ZWpRLzAXi0jZWk5SjfqjrTIJJWd3VEnP7QyeNFZwdauBxYd&#038;q=V%C3%A9t%C3%A9rinaire+640+Avis&#038;sa=X&#038;ved=2ahUKEwjmxeG3hOOPAxXFGVkFHbItG6wQ0bkNegQIHRAE&#038;biw=1536&#038;bih=791&#038;dpr=1.25#lrd=0x4cc92f3f52e60485:0x1af057fe651622f4,3,,,,\">\n\t\t\t\t\t\t<span class=\"elementor-button-content-wrapper\">\n\t\t\t\t\t\t<span class=\"elementor-button-icon\">\n\t\t\t\t<svg aria-hidden=\"true\" class=\"e-font-icon-svg e-fas-arrow-right\" viewbox=\"0 0 448 512\" xmlns=\"http:\/\/www.w3.org\/2000\/svg\"><path d=\"M190.5 66.9l22.2-22.2c9.4-9.4 24.6-9.4 33.9 0L441 239c9.4 9.4 9.4 24.6 0 33.9L246.6 467.3c-9.4 9.4-24.6 9.4-33.9 0l-22.2-22.2c-9.5-9.5-9.3-25 .4-34.3L311.4 296H24c-13.3 0-24-10.7-24-24v-32c0-13.3 10.7-24 24-24h287.4L190.9 101.2c-9.8-9.3-10-24.8-.4-34.3z\"><\/path><\/svg>\t\t\t<\/span>\n\t\t\t\t\t\t\t\t\t<span class=\"elementor-button-text\">R\u00e9diger un avis<\/span>\n\t\t\t\t\t<\/span>\n\t\t\t\t\t<\/a>\n\t\t\t\t<\/div>\n\t\t\t\t\t\t\t\t<\/div>\n\t\t\t\t<\/div>\n\t\t\t\t<\/div>\n\t\t\t\t<\/div>\n\t\t<div data-particle_enable=\"false\" data-particle-mobile-disabled=\"false\" class=\"elementor-element elementor-element-d9b8b57 e-con-full e-flex e-con e-child\" data-id=\"d9b8b57\" data-element_type=\"container\" data-e-type=\"container\">\n\t\t\t\t<div class=\"elementor-element elementor-element-e20c64d elementor-widget elementor-widget-image\" data-id=\"e20c64d\" data-element_type=\"widget\" data-e-type=\"widget\" data-widget_type=\"image.default\">\n\t\t\t\t<div class=\"elementor-widget-container\">\n\t\t\t\t\t\t\t\t\t\t\t\t\t\t\t<img fetchpriority=\"high\" decoding=\"async\" width=\"1000\" height=\"800\" src=\"https:\/\/veterinaire640.ca\/wp-content\/uploads\/2024\/05\/Quand-vacciner-son-chien.png\" class=\"attachment-full size-full wp-image-2063\" alt=\"chien adorable, fond beige\" srcset=\"https:\/\/veterinaire640.ca\/wp-content\/uploads\/2024\/05\/Quand-vacciner-son-chien.png 1000w, https:\/\/veterinaire640.ca\/wp-content\/uploads\/2024\/05\/Quand-vacciner-son-chien-300x240.png 300w, https:\/\/veterinaire640.ca\/wp-content\/uploads\/2024\/05\/Quand-vacciner-son-chien-768x614.png 768w\" sizes=\"(max-width: 1000px) 100vw, 1000px\" \/>\t\t\t\t\t\t\t\t\t\t\t\t\t\t\t<\/div>\n\t\t\t\t<\/div>\n\t\t\t\t<\/div>\n\t\t\t\t\t<\/div>\n\t\t\t\t<\/div>\n\t\t<div data-particle_enable=\"false\" data-particle-mobile-disabled=\"false\" class=\"elementor-element elementor-element-30ea72ec e-flex e-con-boxed e-con e-parent\" data-id=\"30ea72ec\" data-element_type=\"container\" data-e-type=\"container\" data-settings=\"{&quot;background_background&quot;:&quot;classic&quot;}\">\n\t\t\t\t\t<div class=\"e-con-inner\">\n\t\t\t\t<div class=\"elementor-element elementor-element-5f35ebd elementor-widget elementor-widget-html\" data-id=\"5f35ebd\" data-element_type=\"widget\" data-e-type=\"widget\" data-widget_type=\"html.default\">\n\t\t\t\t<div class=\"elementor-widget-container\">\n\t\t\t\t\t<div id=\"wid_1727786263579\"><\/div>\r\n<script>\r\nsc = document.createElement(\"script\");\r\nsc.setAttribute(\"defer\",true);\r\nsc.setAttribute(\"src\",\"https:\/\/dbwx2z9xa7qt9.cloudfront.net\/bundle.js?cachebust=1727786263579\");\r\nsc.setAttribute(\"theme\",\"light\");\r\nsc.setAttribute(\"footer\", \"false\"); \r\nsc.setAttribute(\"widget-type\",\"feed\");\r\nsc.setAttribute(\"token\",\"66fbec1ba740a525695d9c8b\");\r\nsc.setAttribute('apiurl', \"https:\/\/server.onlinereviews.tech\/api\/v0.0.9\");\r\nsc.setAttribute('stats',\"true\");\r\nsc.setAttribute('addReview',\"false\");\r\nsc.setAttribute('profile-pic',\"true\");\r\nsc.setAttribute('review-name',\"true\");\r\nsc.setAttribute('wl', \"true\");\r\nsc.setAttribute('wlndig', \"https:\/\/go.seo-local.ca\/v\u00e9t\u00e9rinaire-640\");\r\nsc.setAttribute('lang', \"fr\");\r\nsc.setAttribute('brandStyle', \"%7B%22sidebar_background%22%3A%22%2301023b%22%2C%22sidebar_text%22%3A%22%23ffffff%22%2C%22brand_button_text_color%22%3A%22%23ffffff%22%2C%22brand_main_color%22%3A%22%2301023b%22%2C%22brand_button_border_radius%22%3A%228px%22%2C%22brand_sidebar_text_color_opacity%22%3A%22%23ffffff1a%22%2C%22brand_button_hover%22%3A%22rgb(1%2C%202%2C%2068)%22%2C%22brand_button_active%22%3A%22rgb(1%2C%202%2C%2050)%22%2C%22brand_main_color_opacity%22%3A%22%2301023b1a%22%2C%22brand_font%22%3A%22Inter%22%2C%22star_color%22%3A%22%23f9f200%22%2C%22brand_main_background%22%3A%22%23F6F8F7%22%2C%22brand_card_background%22%3A%22white%22%2C%22poweredByLink%22%3A%22https%3A%2F%2Fseo-local.ca%2F%22%2C%22poweredicon%22%3A%22https%3A%2F%2Frecensioni-io-static-folder.s3.eu-central-1.amazonaws.com%2Fpublic_onlinereviews%2Fapp.seo-local.ca%2Fpowered.png%22%7D\");\r\ndocument.getElementById(\"wid_1727786263579\").appendChild(sc);\r\n<\/script>\t\t\t\t<\/div>\n\t\t\t\t<\/div>\n\t\t\t\t\t<\/div>\n\t\t\t\t<\/div>\n\t\t\t\t<\/div>","protected":false},"excerpt":{"rendered":"<p>Chez V\u00e9t\u00e9rinaire 640, nous comprenons l\u2019importance des animaux de compagnies et l\u2019incroyable pr\u00e9sence qu\u2019ils ont dans nos vies. C\u2019est pourquoi nous nous assurons d&rsquo;offrir le plus de services possible sous le m\u00eame toit. <\/p>","protected":false},"author":4,"featured_media":816,"parent":0,"menu_order":0,"comment_status":"closed","ping_status":"closed","template":"","meta":{"_seopress_robots_primary_cat":"","_seopress_titles_title":"V\u00e9t\u00e9rinaire 640 | St-Eustache","_seopress_titles_desc":"V\u00e9t\u00e9rinaire 640, h\u00f4pital \u00e0 la fine pointe de la technologie, offre une gamme compl\u00e8te de services, de la m\u00e9decine pr\u00e9ventive \u00e0 la chirurgie.","_seopress_robots_index":"","_monsterinsights_skip_tracking":false,"_monsterinsights_sitenote_active":false,"_monsterinsights_sitenote_note":"","_monsterinsights_sitenote_category":0,"footnotes":""},"class_list":["post-2416","page","type-page","status-publish","has-post-thumbnail","hentry"],"_links":{"self":[{"href":"https:\/\/veterinaire640.ca\/en\/wp-json\/wp\/v2\/pages\/2416","targetHints":{"allow":["GET"]}}],"collection":[{"href":"https:\/\/veterinaire640.ca\/en\/wp-json\/wp\/v2\/pages"}],"about":[{"href":"https:\/\/veterinaire640.ca\/en\/wp-json\/wp\/v2\/types\/page"}],"author":[{"embeddable":true,"href":"https:\/\/veterinaire640.ca\/en\/wp-json\/wp\/v2\/users\/4"}],"replies":[{"embeddable":true,"href":"https:\/\/veterinaire640.ca\/en\/wp-json\/wp\/v2\/comments?post=2416"}],"version-history":[{"count":25,"href":"https:\/\/veterinaire640.ca\/en\/wp-json\/wp\/v2\/pages\/2416\/revisions"}],"predecessor-version":[{"id":5959,"href":"https:\/\/veterinaire640.ca\/en\/wp-json\/wp\/v2\/pages\/2416\/revisions\/5959"}],"wp:featuredmedia":[{"embeddable":true,"href":"https:\/\/veterinaire640.ca\/en\/wp-json\/wp\/v2\/media\/816"}],"wp:attachment":[{"href":"https:\/\/veterinaire640.ca\/en\/wp-json\/wp\/v2\/media?parent=2416"}],"curies":[{"name":"wp","href":"https:\/\/api.w.org\/{rel}","templated":true}]}}