{"id":1720,"date":"2024-04-28T19:43:59","date_gmt":"2024-04-29T00:43:59","guid":{"rendered":"https:\/\/veterinaire640.ca\/?page_id=1720"},"modified":"2024-07-11T18:28:53","modified_gmt":"2024-07-11T23:28:53","slug":"veterinary-surgeries","status":"publish","type":"page","link":"https:\/\/veterinaire640.ca\/en\/chirurgies-veterinaires\/","title":{"rendered":"Veterinary surgeries"},"content":{"rendered":"<div data-elementor-type=\"wp-page\" data-elementor-id=\"1720\" class=\"elementor elementor-1720\" data-elementor-post-type=\"page\">\n\t\t\t\t<div data-particle_enable=\"false\" data-particle-mobile-disabled=\"false\" class=\"elementor-element elementor-element-1fbce9d e-flex e-con-boxed e-con e-parent\" data-id=\"1fbce9d\" data-element_type=\"container\" data-e-type=\"container\" data-settings=\"{&quot;background_background&quot;:&quot;classic&quot;}\">\n\t\t\t\t\t<div class=\"e-con-inner\">\n\t\t<div data-particle_enable=\"false\" data-particle-mobile-disabled=\"false\" class=\"elementor-element elementor-element-9b042c3 e-con-full e-flex e-con e-child\" data-id=\"9b042c3\" data-element_type=\"container\" data-e-type=\"container\" data-settings=\"{&quot;background_background&quot;:&quot;classic&quot;}\">\n\t\t\t\t<div class=\"elementor-element elementor-element-fd6ad0b elementor-widget elementor-widget-image\" data-id=\"fd6ad0b\" data-element_type=\"widget\" data-e-type=\"widget\" data-widget_type=\"image.default\">\n\t\t\t\t<div class=\"elementor-widget-container\">\n\t\t\t\t\t\t\t\t\t\t\t\t\t\t\t<img fetchpriority=\"high\" decoding=\"async\" width=\"1080\" height=\"1376\" src=\"https:\/\/veterinaire640.ca\/wp-content\/uploads\/2024\/04\/Hopital-veterinaire-640.jpg\" class=\"attachment-full size-full wp-image-1658\" alt=\"V\u00e9t\u00e9rinaire 640\" srcset=\"https:\/\/veterinaire640.ca\/wp-content\/uploads\/2024\/04\/Hopital-veterinaire-640.jpg 1080w, https:\/\/veterinaire640.ca\/wp-content\/uploads\/2024\/04\/Hopital-veterinaire-640-235x300.jpg 235w, https:\/\/veterinaire640.ca\/wp-content\/uploads\/2024\/04\/Hopital-veterinaire-640-804x1024.jpg 804w, https:\/\/veterinaire640.ca\/wp-content\/uploads\/2024\/04\/Hopital-veterinaire-640-768x978.jpg 768w\" sizes=\"(max-width: 1080px) 100vw, 1080px\" \/>\t\t\t\t\t\t\t\t\t\t\t\t\t\t\t<\/div>\n\t\t\t\t<\/div>\n\t\t\t\t<div class=\"elementor-element elementor-element-7b0e59b elementor-widget elementor-widget-image\" data-id=\"7b0e59b\" data-element_type=\"widget\" data-e-type=\"widget\" data-widget_type=\"image.default\">\n\t\t\t\t<div class=\"elementor-widget-container\">\n\t\t\t\t\t\t\t\t\t\t\t\t\t\t\t<img decoding=\"async\" width=\"1536\" height=\"2048\" src=\"https:\/\/veterinaire640.ca\/wp-content\/uploads\/2024\/04\/Veterinaire-640_Boutique.jpg\" class=\"attachment-full size-full wp-image-1661\" alt=\"V\u00e9t\u00e9rinaire 640, boutique\" srcset=\"https:\/\/veterinaire640.ca\/wp-content\/uploads\/2024\/04\/Veterinaire-640_Boutique.jpg 1536w, https:\/\/veterinaire640.ca\/wp-content\/uploads\/2024\/04\/Veterinaire-640_Boutique-225x300.jpg 225w, https:\/\/veterinaire640.ca\/wp-content\/uploads\/2024\/04\/Veterinaire-640_Boutique-768x1024.jpg 768w, https:\/\/veterinaire640.ca\/wp-content\/uploads\/2024\/04\/Veterinaire-640_Boutique-1152x1536.jpg 1152w\" sizes=\"(max-width: 1536px) 100vw, 1536px\" \/>\t\t\t\t\t\t\t\t\t\t\t\t\t\t\t<\/div>\n\t\t\t\t<\/div>\n\t\t\t\t<div class=\"elementor-element elementor-element-36da01d elementor-widget elementor-widget-image\" data-id=\"36da01d\" data-element_type=\"widget\" data-e-type=\"widget\" data-widget_type=\"image.default\">\n\t\t\t\t<div class=\"elementor-widget-container\">\n\t\t\t\t\t\t\t\t\t\t\t\t\t\t\t<img decoding=\"async\" width=\"2048\" height=\"1536\" src=\"https:\/\/veterinaire640.ca\/wp-content\/uploads\/2024\/04\/Veterinaire-640_Accueil.jpg\" class=\"attachment-full size-full wp-image-1659\" alt=\"V\u00e9t\u00e9rinaire 640, accueil, boutique\" srcset=\"https:\/\/veterinaire640.ca\/wp-content\/uploads\/2024\/04\/Veterinaire-640_Accueil.jpg 2048w, https:\/\/veterinaire640.ca\/wp-content\/uploads\/2024\/04\/Veterinaire-640_Accueil-300x225.jpg 300w, https:\/\/veterinaire640.ca\/wp-content\/uploads\/2024\/04\/Veterinaire-640_Accueil-1024x768.jpg 1024w, https:\/\/veterinaire640.ca\/wp-content\/uploads\/2024\/04\/Veterinaire-640_Accueil-768x576.jpg 768w, https:\/\/veterinaire640.ca\/wp-content\/uploads\/2024\/04\/Veterinaire-640_Accueil-1536x1152.jpg 1536w\" sizes=\"(max-width: 2048px) 100vw, 2048px\" \/>\t\t\t\t\t\t\t\t\t\t\t\t\t\t\t<\/div>\n\t\t\t\t<\/div>\n\t\t\t\t<\/div>\n\t\t<div data-particle_enable=\"false\" data-particle-mobile-disabled=\"false\" class=\"elementor-element elementor-element-133fcf2 e-con-full e-flex e-con e-child\" data-id=\"133fcf2\" data-element_type=\"container\" data-e-type=\"container\" data-settings=\"{&quot;background_background&quot;:&quot;classic&quot;}\">\n\t\t\t\t<div class=\"elementor-element elementor-element-2d88249c elementor-widget elementor-widget-heading\" data-id=\"2d88249c\" data-element_type=\"widget\" data-e-type=\"widget\" data-widget_type=\"heading.default\">\n\t\t\t\t<div class=\"elementor-widget-container\">\n\t\t\t\t\t<h1 class=\"elementor-heading-title elementor-size-default\">Surgery offered at Vet640<\/h1>\t\t\t\t<\/div>\n\t\t\t\t<\/div>\n\t\t\t\t<div class=\"elementor-element elementor-element-a5d5e82 elementor-widget elementor-widget-text-editor\" data-id=\"a5d5e82\" data-element_type=\"widget\" data-e-type=\"widget\" data-widget_type=\"text-editor.default\">\n\t\t\t\t<div class=\"elementor-widget-container\">\n\t\t\t\t\t\t\t\t\t<ul>\n<li>Amputation<\/li>\n<li>Arthroplasty<\/li>\n<li>Cholecystectomy<\/li>\n<li>Cystotomy\/Unblocking\/Ureterostomy<\/li>\n<li>Enucleation<\/li>\n<li>Complete Dental Extraction<\/li>\n<li>Complex Mass Excision<\/li>\n<li>Extracapsular Suture Technique<\/li>\n<li>Long Bone Fractures<\/li>\n<li>Inguinal\/Traumatic Diaphragmatic Hernia<\/li>\n<li>Laparotomy (for mass, foreign body, peritonitis, biopsy, etc.)<\/li>\n<li>Hepatic Lobectomy<\/li>\n<li>Patellar Luxation<\/li>\n<li>Mandibulectomy\/Invasive Oral Mass Excision<\/li>\n<li>Nephrectomy<\/li>\n<li>Osteochondritis Dissecans of Shoulder and Knee<\/li>\n<li>Pyometra<\/li>\n<li>Caesarean Section<\/li>\n<li>PennHIP Radiography<\/li>\n<li>OFA Radiography<\/li>\n<li>Spaying\/Neutering (Routine Surgery)<\/li>\n<li>Tibial Plateau Leveling Osteotomy (TPLO)<\/li>\n<li>Vulvoplasty<\/li>\n<\/ul>\t\t\t\t\t\t\t\t<\/div>\n\t\t\t\t<\/div>\n\t\t\t\t<div class=\"elementor-element elementor-element-836f328 elementor-widget elementor-widget-text-editor\" data-id=\"836f328\" data-element_type=\"widget\" data-e-type=\"widget\" data-widget_type=\"text-editor.default\">\n\t\t\t\t<div class=\"elementor-widget-container\">\n\t\t\t\t\t\t\t\t\t<p>Note that some surgeries may not be listed. Feel free <span style=\"text-decoration: underline;\"><strong><a href=\"https:\/\/veterinaire640.ca\/en\/contact\/\">to contact us<\/a><\/strong><\/span> for more information.<\/p>\t\t\t\t\t\t\t\t<\/div>\n\t\t\t\t<\/div>\n\t\t\t\t<div class=\"elementor-element elementor-element-d3a8e9f elementor-widget-divider--view-line elementor-widget elementor-widget-divider\" data-id=\"d3a8e9f\" data-element_type=\"widget\" data-e-type=\"widget\" data-widget_type=\"divider.default\">\n\t\t\t\t<div class=\"elementor-widget-container\">\n\t\t\t\t\t\t\t<div class=\"elementor-divider\">\n\t\t\t<span class=\"elementor-divider-separator\">\n\t\t\t\t\t\t<\/span>\n\t\t<\/div>\n\t\t\t\t\t\t<\/div>\n\t\t\t\t<\/div>\n\t\t\t\t<div class=\"elementor-element elementor-element-6fc2cfe elementor-widget elementor-widget-heading\" data-id=\"6fc2cfe\" data-element_type=\"widget\" data-e-type=\"widget\" data-widget_type=\"heading.default\">\n\t\t\t\t<div class=\"elementor-widget-container\">\n\t\t\t\t\t<h2 class=\"elementor-heading-title elementor-size-default\">Coming Soon: surgeries for exotic animals<\/h2>\t\t\t\t<\/div>\n\t\t\t\t<\/div>\n\t\t\t\t<div class=\"elementor-element elementor-element-31bce9f elementor-widget elementor-widget-text-editor\" data-id=\"31bce9f\" data-element_type=\"widget\" data-e-type=\"widget\" data-widget_type=\"text-editor.default\">\n\t\t\t\t<div class=\"elementor-widget-container\">\n\t\t\t\t\t\t\t\t\t<p>Starting in September, V\u00e9t\u00e9rinaire 640 will expand its services to include medicine and surgery for exotic animals, covering small mammals, reptiles, and birds.<\/p>\t\t\t\t\t\t\t\t<\/div>\n\t\t\t\t<\/div>\n\t\t\t\t<\/div>\n\t\t\t\t\t<\/div>\n\t\t\t\t<\/div>\n\t\t\t\t<\/div>","protected":false},"excerpt":{"rendered":"<p>Discover the directory of veterinary surgeries offered at our facility, combining professional expertise and compassion.<\/p>","protected":false},"author":2,"featured_media":1722,"parent":0,"menu_order":0,"comment_status":"closed","ping_status":"closed","template":"","meta":{"_seopress_robots_primary_cat":"0","_seopress_titles_title":"","_seopress_titles_desc":"D\u00e9couvrez le r\u00e9pertoire des chirurgies v\u00e9t\u00e9rinaires offertes dans notre \u00e9tablissement, alliant expertise professionnelle et compassion.","_seopress_robots_index":"","_monsterinsights_skip_tracking":false,"_monsterinsights_sitenote_active":false,"_monsterinsights_sitenote_note":"","_monsterinsights_sitenote_category":0,"footnotes":""},"class_list":["post-1720","page","type-page","status-publish","has-post-thumbnail","hentry"],"_links":{"self":[{"href":"https:\/\/veterinaire640.ca\/en\/wp-json\/wp\/v2\/pages\/1720","targetHints":{"allow":["GET"]}}],"collection":[{"href":"https:\/\/veterinaire640.ca\/en\/wp-json\/wp\/v2\/pages"}],"about":[{"href":"https:\/\/veterinaire640.ca\/en\/wp-json\/wp\/v2\/types\/page"}],"author":[{"embeddable":true,"href":"https:\/\/veterinaire640.ca\/en\/wp-json\/wp\/v2\/users\/2"}],"replies":[{"embeddable":true,"href":"https:\/\/veterinaire640.ca\/en\/wp-json\/wp\/v2\/comments?post=1720"}],"version-history":[{"count":19,"href":"https:\/\/veterinaire640.ca\/en\/wp-json\/wp\/v2\/pages\/1720\/revisions"}],"predecessor-version":[{"id":1884,"href":"https:\/\/veterinaire640.ca\/en\/wp-json\/wp\/v2\/pages\/1720\/revisions\/1884"}],"wp:featuredmedia":[{"embeddable":true,"href":"https:\/\/veterinaire640.ca\/en\/wp-json\/wp\/v2\/media\/1722"}],"wp:attachment":[{"href":"https:\/\/veterinaire640.ca\/en\/wp-json\/wp\/v2\/media?parent=1720"}],"curies":[{"name":"wp","href":"https:\/\/api.w.org\/{rel}","templated":true}]}}