{"id":1680,"date":"2024-05-03T11:58:25","date_gmt":"2024-05-03T16:58:25","guid":{"rendered":"https:\/\/veterinaire640.ca\/?page_id=1680"},"modified":"2025-09-20T11:38:54","modified_gmt":"2025-09-20T16:38:54","slug":"dr-myriam-pouliot","status":"publish","type":"page","link":"https:\/\/veterinaire640.ca\/en\/equipe\/dre-myriam-pouliot\/","title":{"rendered":"Dr. Myriam Pouliot, Veterinarian"},"content":{"rendered":"\t\t<div data-elementor-type=\"wp-page\" data-elementor-id=\"1680\" class=\"elementor elementor-1680\" data-elementor-post-type=\"page\">\n\t\t\t\t<div data-particle_enable=\"false\" data-particle-mobile-disabled=\"false\" class=\"elementor-element elementor-element-1e8dc9b e-con-full e-flex e-con e-parent\" data-id=\"1e8dc9b\" data-element_type=\"container\" data-e-type=\"container\" data-settings=\"{&quot;background_background&quot;:&quot;classic&quot;}\">\n\t\t<div data-particle_enable=\"false\" data-particle-mobile-disabled=\"false\" class=\"elementor-element elementor-element-68f4e31 e-con-full e-flex e-con e-child\" data-id=\"68f4e31\" data-element_type=\"container\" data-e-type=\"container\">\n\t\t\t\t<div class=\"elementor-element elementor-element-140907a elementor-widget elementor-widget-heading\" data-id=\"140907a\" data-element_type=\"widget\" data-e-type=\"widget\" data-widget_type=\"heading.default\">\n\t\t\t\t<div class=\"elementor-widget-container\">\n\t\t\t\t\t<h1 class=\"elementor-heading-title elementor-size-default\">Dre Myriam Pouliot<\/h1>\t\t\t\t<\/div>\n\t\t\t\t<\/div>\n\t\t\t\t<div class=\"elementor-element elementor-element-e36f2c2 elementor-widget elementor-widget-heading\" data-id=\"e36f2c2\" data-element_type=\"widget\" data-e-type=\"widget\" data-widget_type=\"heading.default\">\n\t\t\t\t<div class=\"elementor-widget-container\">\n\t\t\t\t\t<p class=\"elementor-heading-title elementor-size-default\"><p>Selon <a href=\"https:\/\/www.omvq.qc.ca\/\"><u>l'ordre des m\u00e9decins v\u00e9t\u00e9rinaires du Qu\u00e9bec<\/a><\/u>:<\/p>\n<ul>\n<li><b>Permis<\/b> :\u00a0R\u00e9gulier Num\u00e9ro 3210<\/li>\n<li><b>Domaine(s) pratique(s)<\/b> :\u00a0Canins, F\u00e9lins, Animaux exotiques (lapins, furet, reptiles, oiseaux, poissons\u2026)<\/li>\n<li><b>Activit\u00e9(s) <\/b>:\u00a0Chirurgie, Dentisterie, Pratique g\u00e9n\u00e9rale<\/li><\/p>\t\t\t\t<\/div>\n\t\t\t\t<\/div>\n\t\t\t\t<div class=\"elementor-element elementor-element-1994dd8 elementor-widget elementor-widget-heading\" data-id=\"1994dd8\" data-element_type=\"widget\" data-e-type=\"widget\" data-widget_type=\"heading.default\">\n\t\t\t\t<div class=\"elementor-widget-container\">\n\t\t\t\t\t<h2 class=\"elementor-heading-title elementor-size-default\">M\u00e9decin v\u00e9t\u00e9rinaire propri\u00e9taire<\/h2>\t\t\t\t<\/div>\n\t\t\t\t<\/div>\n\t\t\t\t<div class=\"elementor-element elementor-element-7874ae8d elementor-widget elementor-widget-text-editor\" data-id=\"7874ae8d\" data-element_type=\"widget\" data-e-type=\"widget\" data-widget_type=\"text-editor.default\">\n\t\t\t\t<div class=\"elementor-widget-container\">\n\t\t\t\t\t\t\t\t\t<div class=\"elementor-testimonial-content\"><p><strong>V\u00e9t\u00e9rinaire depuis 24 ans<\/strong>, Dre Pouliot a effectu\u00e9 un internat sp\u00e9cialis\u00e9 en chirurgie en 2007. Tout au long de sa carri\u00e8re, elle a d\u00e9velopp\u00e9 ses comp\u00e9tences en chirurgie, notamment en orthop\u00e9die, en urgence et en chirurgie complexe. Elle met un point d&rsquo;honneur \u00e0 prendre soin de ses patients.\u00a0<\/p><\/div><div class=\"elementor-testimonial-content\">Dre Pouliot aspire \u00e0 cr\u00e9er un h\u00f4pital o\u00f9 la plupart des soins sont possibles sous un m\u00eame toit, allant des soins pr\u00e9ventifs \u00e0 la gestion des cas les plus complexes.<\/div><div class=\"elementor-testimonial-content\">\u00a0<\/div><div class=\"elementor-testimonial-content\"><div class=\"flex-1 overflow-hidden\"><div class=\"react-scroll-to-bottom--css-rohxm-79elbk h-full\"><div class=\"react-scroll-to-bottom--css-rohxm-1n7m0yu\"><div><div class=\"flex flex-col text-sm\"><div class=\"w-full text-token-text-primary\" dir=\"auto\" data-testid=\"conversation-turn-31\"><div class=\"px-4 py-2 justify-center text-base md:gap-6 m-auto\"><div class=\"flex flex-1 text-base mx-auto gap-3 juice:gap-4 juice:md:gap-6 md:px-5 lg:px-1 xl:px-5 md:max-w-3xl lg:max-w-[40rem] xl:max-w-[48rem]\"><div class=\"relative flex w-full min-w-0 flex-col agent-turn\"><div class=\"flex-col gap-1 md:gap-3\"><div class=\"flex flex-grow flex-col max-w-full\"><div class=\"min-h-[20px] text-message flex flex-col items-start gap-3 whitespace-pre-wrap break-words [.text-message+&amp;]:mt-5 overflow-x-auto\" dir=\"auto\" data-message-author-role=\"assistant\" data-message-id=\"be2c340a-957d-437d-b48c-1ac0fae4b7ae\"><div class=\"markdown prose w-full break-words dark:prose-invert light\"><p>Le 15 avril 2024 marque officiellement l&rsquo;ouverture de l&rsquo;H\u00f4pital V\u00e9t\u00e9rinaire 640, un centre \u00e0 la pointe de la technologie lui permettant d&rsquo;offrir une gamme \u00e9tendue de services.<\/p><\/div><\/div><\/div><\/div><\/div><\/div><\/div><\/div><\/div><\/div><\/div><\/div><\/div><\/div>\t\t\t\t\t\t\t\t<\/div>\n\t\t\t\t<\/div>\n\t\t\t\t<\/div>\n\t\t<div data-particle_enable=\"false\" data-particle-mobile-disabled=\"false\" class=\"elementor-element elementor-element-2bac5c8 e-con-full e-flex e-con e-child\" data-id=\"2bac5c8\" data-element_type=\"container\" data-e-type=\"container\">\n\t\t\t\t<div class=\"elementor-element elementor-element-2d543e3 elementor-widget elementor-widget-image\" data-id=\"2d543e3\" data-element_type=\"widget\" data-e-type=\"widget\" data-widget_type=\"image.default\">\n\t\t\t\t<div class=\"elementor-widget-container\">\n\t\t\t\t\t\t\t\t\t\t\t\t\t\t\t<img fetchpriority=\"high\" decoding=\"async\" width=\"1748\" height=\"2560\" src=\"https:\/\/veterinaire640.ca\/wp-content\/uploads\/2025\/03\/dre-myriam-pouliot-scaled.jpg\" class=\"attachment-full size-full wp-image-3529\" alt=\"dre myriam pouliot\" srcset=\"https:\/\/veterinaire640.ca\/wp-content\/uploads\/2025\/03\/dre-myriam-pouliot-scaled.jpg 1748w, https:\/\/veterinaire640.ca\/wp-content\/uploads\/2025\/03\/dre-myriam-pouliot-205x300.jpg 205w, https:\/\/veterinaire640.ca\/wp-content\/uploads\/2025\/03\/dre-myriam-pouliot-699x1024.jpg 699w, https:\/\/veterinaire640.ca\/wp-content\/uploads\/2025\/03\/dre-myriam-pouliot-768x1124.jpg 768w, https:\/\/veterinaire640.ca\/wp-content\/uploads\/2025\/03\/dre-myriam-pouliot-1049x1536.jpg 1049w, https:\/\/veterinaire640.ca\/wp-content\/uploads\/2025\/03\/dre-myriam-pouliot-1399x2048.jpg 1399w, https:\/\/veterinaire640.ca\/wp-content\/uploads\/2025\/03\/dre-myriam-pouliot-8x12.jpg 8w\" sizes=\"(max-width: 1748px) 100vw, 1748px\" \/>\t\t\t\t\t\t\t\t\t\t\t\t\t\t\t<\/div>\n\t\t\t\t<\/div>\n\t\t\t\t<\/div>\n\t\t\t\t<\/div>\n\t\t\t\t<\/div>\n\t\t","protected":false},"excerpt":{"rendered":"<p>Dre Pouliot, v\u00e9t\u00e9rinaire sp\u00e9cialis\u00e9e en chirurgie et propri\u00e9taire de l&rsquo;h\u00f4pital V\u00e9t\u00e9rinaire 640, aspire \u00e0 offrir une gamme compl\u00e8te de soins int\u00e9gr\u00e9s dans son \u00e9tablissement \u00e0 la fine pointe de la technologie.<\/p>","protected":false},"author":2,"featured_media":2030,"parent":2672,"menu_order":0,"comment_status":"closed","ping_status":"closed","template":"","meta":{"_seopress_robots_primary_cat":"","_seopress_titles_title":"Dre Myriam Pouliot, M\u00e9decin V\u00e9t\u00e9rinaire | V\u00e9t\u00e9rinaire 640","_seopress_titles_desc":"Dre Myriam Pouliot, avec 22 ann\u00e9es d'exp\u00e9rience et un internat sp\u00e9cialis\u00e9 en chirurgie, est heureuse de vous accueillir chez V\u00e9t\u00e9rinaire 640.","_seopress_robots_index":"","_monsterinsights_skip_tracking":false,"_monsterinsights_sitenote_active":false,"_monsterinsights_sitenote_note":"","_monsterinsights_sitenote_category":0,"footnotes":""},"class_list":["post-1680","page","type-page","status-publish","has-post-thumbnail","hentry"],"_links":{"self":[{"href":"https:\/\/veterinaire640.ca\/en\/wp-json\/wp\/v2\/pages\/1680","targetHints":{"allow":["GET"]}}],"collection":[{"href":"https:\/\/veterinaire640.ca\/en\/wp-json\/wp\/v2\/pages"}],"about":[{"href":"https:\/\/veterinaire640.ca\/en\/wp-json\/wp\/v2\/types\/page"}],"author":[{"embeddable":true,"href":"https:\/\/veterinaire640.ca\/en\/wp-json\/wp\/v2\/users\/2"}],"replies":[{"embeddable":true,"href":"https:\/\/veterinaire640.ca\/en\/wp-json\/wp\/v2\/comments?post=1680"}],"version-history":[{"count":28,"href":"https:\/\/veterinaire640.ca\/en\/wp-json\/wp\/v2\/pages\/1680\/revisions"}],"predecessor-version":[{"id":6031,"href":"https:\/\/veterinaire640.ca\/en\/wp-json\/wp\/v2\/pages\/1680\/revisions\/6031"}],"up":[{"embeddable":true,"href":"https:\/\/veterinaire640.ca\/en\/wp-json\/wp\/v2\/pages\/2672"}],"wp:featuredmedia":[{"embeddable":true,"href":"https:\/\/veterinaire640.ca\/en\/wp-json\/wp\/v2\/media\/2030"}],"wp:attachment":[{"href":"https:\/\/veterinaire640.ca\/en\/wp-json\/wp\/v2\/media?parent=1680"}],"curies":[{"name":"wp","href":"https:\/\/api.w.org\/{rel}","templated":true}]}}