{"id":1505,"date":"2024-04-23T09:03:57","date_gmt":"2024-04-23T14:03:57","guid":{"rendered":"https:\/\/veterinaire640.ca\/?page_id=1505"},"modified":"2024-08-13T19:28:15","modified_gmt":"2024-08-14T00:28:15","slug":"ouvrir-un-dossier","status":"publish","type":"page","link":"https:\/\/veterinaire640.ca\/en\/ouvrir-un-dossier\/","title":{"rendered":"Ouvrir votre dossier en ligne"},"content":{"rendered":"<div data-elementor-type=\"wp-page\" data-elementor-id=\"1505\" class=\"elementor elementor-1505\" data-elementor-post-type=\"page\">\n\t\t\t\t<div data-particle_enable=\"false\" data-particle-mobile-disabled=\"false\" class=\"elementor-element elementor-element-35fbc4ee e-flex e-con-boxed e-con e-parent\" data-id=\"35fbc4ee\" data-element_type=\"container\" data-e-type=\"container\" data-settings=\"{&quot;background_background&quot;:&quot;classic&quot;}\">\n\t\t\t\t\t<div class=\"e-con-inner\">\n\t\t<div data-particle_enable=\"false\" data-particle-mobile-disabled=\"false\" class=\"elementor-element elementor-element-11b76873 e-con-full e-flex e-con e-child\" data-id=\"11b76873\" data-element_type=\"container\" data-e-type=\"container\">\n\t\t<div data-particle_enable=\"false\" data-particle-mobile-disabled=\"false\" class=\"elementor-element elementor-element-4c2ce998 e-con-full e-flex e-con e-child\" data-id=\"4c2ce998\" data-element_type=\"container\" data-e-type=\"container\">\n\t\t\t\t<div class=\"elementor-element elementor-element-5d5be305 elementor-widget elementor-widget-heading\" data-id=\"5d5be305\" data-element_type=\"widget\" data-e-type=\"widget\" data-widget_type=\"heading.default\">\n\t\t\t\t<div class=\"elementor-widget-container\">\n\t\t\t\t\t<h1 class=\"elementor-heading-title elementor-size-default\">Register your pet online !<\/h1>\t\t\t\t<\/div>\n\t\t\t\t<\/div>\n\t\t\t\t<div class=\"elementor-element elementor-element-467395d3 elementor-widget elementor-widget-text-editor\" data-id=\"467395d3\" data-element_type=\"widget\" data-e-type=\"widget\" data-widget_type=\"text-editor.default\">\n\t\t\t\t<div class=\"elementor-widget-container\">\n\t\t\t\t\t\t\t\t\t<p>Open your pet's file online now to save time during your future visits to our veterinary hospital.<\/p>\t\t\t\t\t\t\t\t<\/div>\n\t\t\t\t<\/div>\n\t\t\t\t<div class=\"elementor-element elementor-element-98e6d8e elementor-widget elementor-widget-text-editor\" data-id=\"98e6d8e\" data-element_type=\"widget\" data-e-type=\"widget\" data-widget_type=\"text-editor.default\">\n\t\t\t\t<div class=\"elementor-widget-container\">\n\t\t\t\t\t\t\t\t\t<p>During your first visit or in case of an emergency, we will already have everything we need to take care of them quickly. Your file will be securely stored in our system to ensure efficient and personalized follow-up of your pet\u2019s health.<\/p>\t\t\t\t\t\t\t\t<\/div>\n\t\t\t\t<\/div>\n\t\t\t\t<\/div>\n\t\t\t\t<\/div>\n\t\t<div data-particle_enable=\"false\" data-particle-mobile-disabled=\"false\" class=\"elementor-element elementor-element-101e7971 e-con-full e-flex e-con e-child\" data-id=\"101e7971\" data-element_type=\"container\" data-e-type=\"container\">\n\t\t\t\t<div class=\"elementor-element elementor-element-489840d1 elementor-widget elementor-widget-image\" data-id=\"489840d1\" data-element_type=\"widget\" data-e-type=\"widget\" data-widget_type=\"image.default\">\n\t\t\t\t<div class=\"elementor-widget-container\">\n\t\t\t\t\t\t\t\t\t\t\t\t\t\t\t<img fetchpriority=\"high\" decoding=\"async\" width=\"1000\" height=\"1200\" src=\"https:\/\/veterinaire640.ca\/wp-content\/uploads\/2024\/04\/Couverture-image-_ouverture-dossier.png\" class=\"attachment-full size-full wp-image-1629\" alt=\"chien, langue sortie, fond transparent\" srcset=\"https:\/\/veterinaire640.ca\/wp-content\/uploads\/2024\/04\/Couverture-image-_ouverture-dossier.png 1000w, https:\/\/veterinaire640.ca\/wp-content\/uploads\/2024\/04\/Couverture-image-_ouverture-dossier-250x300.png 250w, https:\/\/veterinaire640.ca\/wp-content\/uploads\/2024\/04\/Couverture-image-_ouverture-dossier-853x1024.png 853w, https:\/\/veterinaire640.ca\/wp-content\/uploads\/2024\/04\/Couverture-image-_ouverture-dossier-768x922.png 768w\" sizes=\"(max-width: 1000px) 100vw, 1000px\" \/>\t\t\t\t\t\t\t\t\t\t\t\t\t\t\t<\/div>\n\t\t\t\t<\/div>\n\t\t\t\t<\/div>\n\t\t\t\t\t<\/div>\n\t\t\t\t<\/div>\n\t\t<div data-particle_enable=\"false\" data-particle-mobile-disabled=\"false\" class=\"elementor-element elementor-element-3408501 e-flex e-con-boxed e-con e-parent\" data-id=\"3408501\" data-element_type=\"container\" data-e-type=\"container\">\n\t\t\t\t\t<div class=\"e-con-inner\">\n\t\t\t\t<div class=\"elementor-element elementor-element-271d5da elementor-widget__width-inherit elementor-widget elementor-widget-html\" data-id=\"271d5da\" data-element_type=\"widget\" data-e-type=\"widget\" data-widget_type=\"html.default\">\n\t\t\t\t<div class=\"elementor-widget-container\">\n\t\t\t\t\t<iframe src=\"https:\/\/docs.google.com\/forms\/d\/e\/1FAIpQLScu4Ewd2rmO93sVpwb9SYHVvzuZ9VugTO-zR_lLGlHo3T_guQ\/viewform?embedded=true\" width=\"640\" height=\"1377\" frameborder=\"0\" marginheight=\"0\" marginwidth=\"0\">Chargement en cours\u2026<\/iframe>\t\t\t\t<\/div>\n\t\t\t\t<\/div>\n\t\t\t\t\t<\/div>\n\t\t\t\t<\/div>\n\t\t\t\t<\/div>","protected":false},"excerpt":{"rendered":"<p>Open your pet's file online now to save time during your future visits to our veterinary hospital. <\/p>","protected":false},"author":2,"featured_media":1628,"parent":0,"menu_order":0,"comment_status":"closed","ping_status":"closed","template":"","meta":{"_seopress_robots_primary_cat":"0","_seopress_titles_title":"Ouvrir votre dossier en ligne | V\u00e9t\u00e9rinaire 640","_seopress_titles_desc":"Ouvrez d\u00e8s maintenant le dossier de votre animal de compagnie et gagnez du temps lors de vos visites futures \u00e0 notre h\u00f4pital v\u00e9t\u00e9rinaire.","_seopress_robots_index":"","_monsterinsights_skip_tracking":false,"_monsterinsights_sitenote_active":false,"_monsterinsights_sitenote_note":"","_monsterinsights_sitenote_category":0,"footnotes":""},"class_list":["post-1505","page","type-page","status-publish","has-post-thumbnail","hentry"],"_links":{"self":[{"href":"https:\/\/veterinaire640.ca\/en\/wp-json\/wp\/v2\/pages\/1505","targetHints":{"allow":["GET"]}}],"collection":[{"href":"https:\/\/veterinaire640.ca\/en\/wp-json\/wp\/v2\/pages"}],"about":[{"href":"https:\/\/veterinaire640.ca\/en\/wp-json\/wp\/v2\/types\/page"}],"author":[{"embeddable":true,"href":"https:\/\/veterinaire640.ca\/en\/wp-json\/wp\/v2\/users\/2"}],"replies":[{"embeddable":true,"href":"https:\/\/veterinaire640.ca\/en\/wp-json\/wp\/v2\/comments?post=1505"}],"version-history":[{"count":27,"href":"https:\/\/veterinaire640.ca\/en\/wp-json\/wp\/v2\/pages\/1505\/revisions"}],"predecessor-version":[{"id":2328,"href":"https:\/\/veterinaire640.ca\/en\/wp-json\/wp\/v2\/pages\/1505\/revisions\/2328"}],"wp:featuredmedia":[{"embeddable":true,"href":"https:\/\/veterinaire640.ca\/en\/wp-json\/wp\/v2\/media\/1628"}],"wp:attachment":[{"href":"https:\/\/veterinaire640.ca\/en\/wp-json\/wp\/v2\/media?parent=1505"}],"curies":[{"name":"wp","href":"https:\/\/api.w.org\/{rel}","templated":true}]}}